{"id":15083,"date":"2023-03-20T10:32:26","date_gmt":"2023-03-20T10:32:26","guid":{"rendered":"https:\/\/fireresistantdoor.eu\/anforderungen-an-brandschutztueren\/"},"modified":"2023-07-05T10:19:56","modified_gmt":"2023-07-05T10:19:56","slug":"anforderungen-an-brandschutztueren","status":"publish","type":"page","link":"https:\/\/fireresistantdoor.eu\/de\/anforderungen-an-brandschutztueren\/","title":{"rendered":"Anforderungen an Brandschutzt\u00fcren"},"content":{"rendered":"\t\t<div data-elementor-type=\"wp-page\" data-elementor-id=\"15083\" class=\"elementor elementor-15083 elementor-21\" data-elementor-post-type=\"page\">\n\t\t\t\t\t\t\t\t\t<section class=\"elementor-section elementor-top-section elementor-element elementor-element-216ba75 elementor-section-stretched elementor-section-boxed elementor-section-height-default elementor-section-height-default\" data-id=\"216ba75\" data-element_type=\"section\" data-settings=\"{&quot;stretch_section&quot;:&quot;section-stretched&quot;,&quot;background_background&quot;:&quot;classic&quot;}\">\n\t\t\t\t\t\t<div class=\"elementor-container elementor-column-gap-default\">\n\t\t\t\t\t<div class=\"elementor-column elementor-col-100 elementor-top-column elementor-element elementor-element-c827c3b\" data-id=\"c827c3b\" data-element_type=\"column\">\n\t\t\t<div class=\"elementor-widget-wrap elementor-element-populated\">\n\t\t\t\t\t\t\t\t<div class=\"elementor-element elementor-element-78baeae elementor-widget-divider--view-line elementor-widget elementor-widget-divider\" data-id=\"78baeae\" data-element_type=\"widget\" data-widget_type=\"divider.default\">\n\t\t\t\t<div class=\"elementor-widget-container\">\n\t\t\t<style>\/*! elementor - v3.14.0 - 26-06-2023 *\/\n.elementor-widget-divider{--divider-border-style:none;--divider-border-width:1px;--divider-color:#0c0d0e;--divider-icon-size:20px;--divider-element-spacing:10px;--divider-pattern-height:24px;--divider-pattern-size:20px;--divider-pattern-url:none;--divider-pattern-repeat:repeat-x}.elementor-widget-divider .elementor-divider{display:flex}.elementor-widget-divider .elementor-divider__text{font-size:15px;line-height:1;max-width:95%}.elementor-widget-divider .elementor-divider__element{margin:0 var(--divider-element-spacing);flex-shrink:0}.elementor-widget-divider .elementor-icon{font-size:var(--divider-icon-size)}.elementor-widget-divider .elementor-divider-separator{display:flex;margin:0;direction:ltr}.elementor-widget-divider--view-line_icon .elementor-divider-separator,.elementor-widget-divider--view-line_text .elementor-divider-separator{align-items:center}.elementor-widget-divider--view-line_icon .elementor-divider-separator:after,.elementor-widget-divider--view-line_icon .elementor-divider-separator:before,.elementor-widget-divider--view-line_text .elementor-divider-separator:after,.elementor-widget-divider--view-line_text .elementor-divider-separator:before{display:block;content:\"\";border-bottom:0;flex-grow:1;border-top:var(--divider-border-width) var(--divider-border-style) var(--divider-color)}.elementor-widget-divider--element-align-left .elementor-divider .elementor-divider-separator>.elementor-divider__svg:first-of-type{flex-grow:0;flex-shrink:100}.elementor-widget-divider--element-align-left .elementor-divider-separator:before{content:none}.elementor-widget-divider--element-align-left .elementor-divider__element{margin-left:0}.elementor-widget-divider--element-align-right .elementor-divider .elementor-divider-separator>.elementor-divider__svg:last-of-type{flex-grow:0;flex-shrink:100}.elementor-widget-divider--element-align-right .elementor-divider-separator:after{content:none}.elementor-widget-divider--element-align-right .elementor-divider__element{margin-right:0}.elementor-widget-divider:not(.elementor-widget-divider--view-line_text):not(.elementor-widget-divider--view-line_icon) .elementor-divider-separator{border-top:var(--divider-border-width) var(--divider-border-style) var(--divider-color)}.elementor-widget-divider--separator-type-pattern{--divider-border-style:none}.elementor-widget-divider--separator-type-pattern.elementor-widget-divider--view-line .elementor-divider-separator,.elementor-widget-divider--separator-type-pattern:not(.elementor-widget-divider--view-line) .elementor-divider-separator:after,.elementor-widget-divider--separator-type-pattern:not(.elementor-widget-divider--view-line) .elementor-divider-separator:before,.elementor-widget-divider--separator-type-pattern:not([class*=elementor-widget-divider--view]) .elementor-divider-separator{width:100%;min-height:var(--divider-pattern-height);-webkit-mask-size:var(--divider-pattern-size) 100%;mask-size:var(--divider-pattern-size) 100%;-webkit-mask-repeat:var(--divider-pattern-repeat);mask-repeat:var(--divider-pattern-repeat);background-color:var(--divider-color);-webkit-mask-image:var(--divider-pattern-url);mask-image:var(--divider-pattern-url)}.elementor-widget-divider--no-spacing{--divider-pattern-size:auto}.elementor-widget-divider--bg-round{--divider-pattern-repeat:round}.rtl .elementor-widget-divider .elementor-divider__text{direction:rtl}.e-con-inner>.elementor-widget-divider,.e-con>.elementor-widget-divider{width:var(--container-widget-width,100%);--flex-grow:var(--container-widget-flex-grow)}<\/style>\t\t<div class=\"elementor-divider\">\n\t\t\t<span class=\"elementor-divider-separator\">\n\t\t\t\t\t\t<\/span>\n\t\t<\/div>\n\t\t\t\t<\/div>\n\t\t\t\t<\/div>\n\t\t\t\t<div class=\"elementor-element elementor-element-9289b13 elementor-widget elementor-widget-heading\" data-id=\"9289b13\" data-element_type=\"widget\" data-widget_type=\"heading.default\">\n\t\t\t\t<div class=\"elementor-widget-container\">\n\t\t\t<style>\/*! elementor - v3.14.0 - 26-06-2023 *\/\n.elementor-heading-title{padding:0;margin:0;line-height:1}.elementor-widget-heading .elementor-heading-title[class*=elementor-size-]>a{color:inherit;font-size:inherit;line-height:inherit}.elementor-widget-heading .elementor-heading-title.elementor-size-small{font-size:15px}.elementor-widget-heading .elementor-heading-title.elementor-size-medium{font-size:19px}.elementor-widget-heading .elementor-heading-title.elementor-size-large{font-size:29px}.elementor-widget-heading .elementor-heading-title.elementor-size-xl{font-size:39px}.elementor-widget-heading .elementor-heading-title.elementor-size-xxl{font-size:59px}<\/style><h1 class=\"elementor-heading-title elementor-size-default\">Anforderungen an Brandschutzt\u00fcren<\/h1>\t\t<\/div>\n\t\t\t\t<\/div>\n\t\t\t\t<section class=\"elementor-section elementor-inner-section elementor-element elementor-element-a051228 elementor-section-boxed elementor-section-height-default elementor-section-height-default\" data-id=\"a051228\" data-element_type=\"section\">\n\t\t\t\t\t\t<div class=\"elementor-container elementor-column-gap-default\">\n\t\t\t\t\t<div class=\"elementor-column elementor-col-100 elementor-inner-column elementor-element elementor-element-b4f655f\" data-id=\"b4f655f\" data-element_type=\"column\">\n\t\t\t<div class=\"elementor-widget-wrap elementor-element-populated\">\n\t\t\t\t\t\t\t\t<div class=\"elementor-element elementor-element-5e0ee27 elementor-widget elementor-widget-rs-breadcrumb\" data-id=\"5e0ee27\" data-element_type=\"widget\" data-widget_type=\"rs-breadcrumb.default\">\n\t\t\t\t<div class=\"elementor-widget-container\">\n\t\t\t                    <div class=\"breadcrumb-area style2\"> \n                <div class=\"breadcrumbs-inner\"> <!-- Breadcrumb NavXT 7.2.0 -->\n<span property=\"itemListElement\" typeof=\"ListItem\"><a property=\"item\" typeof=\"WebPage\" title=\"Go to Fire Resistant Door.\" href=\"https:\/\/fireresistantdoor.eu\/de\/\" class=\"home\" aria-current=\"page\"><span property=\"name\">Home<\/span><\/a><meta property=\"position\" content=\"1\"><\/span><\/div>\n            <\/div> \n          \n    \t\t<\/div>\n\t\t\t\t<\/div>\n\t\t\t\t\t<\/div>\n\t\t<\/div>\n\t\t\t\t\t\t\t<\/div>\n\t\t<\/section>\n\t\t\t\t<div class=\"elementor-element elementor-element-a4558f6 elementor-widget-divider--view-line elementor-widget elementor-widget-divider\" data-id=\"a4558f6\" data-element_type=\"widget\" data-widget_type=\"divider.default\">\n\t\t\t\t<div class=\"elementor-widget-container\">\n\t\t\t\t\t<div class=\"elementor-divider\">\n\t\t\t<span class=\"elementor-divider-separator\">\n\t\t\t\t\t\t<\/span>\n\t\t<\/div>\n\t\t\t\t<\/div>\n\t\t\t\t<\/div>\n\t\t\t\t<div class=\"elementor-element elementor-element-0474127 elementor-align-center elementor-widget elementor-widget-button\" data-id=\"0474127\" data-element_type=\"widget\" data-widget_type=\"button.default\">\n\t\t\t\t<div class=\"elementor-widget-container\">\n\t\t\t\t\t<div class=\"elementor-button-wrapper\">\n\t\t\t<a class=\"elementor-button elementor-button-link elementor-size-sm\" href=\"https:\/\/kodema-configurator.netlify.app\/\">\n\t\t\t\t\t\t<span class=\"elementor-button-content-wrapper\">\n\t\t\t\t\t\t<span class=\"elementor-button-text\">Product Configurator<\/span>\n\t\t<\/span>\n\t\t\t\t\t<\/a>\n\t\t<\/div>\n\t\t\t\t<\/div>\n\t\t\t\t<\/div>\n\t\t\t\t\t<\/div>\n\t\t<\/div>\n\t\t\t\t\t\t\t<\/div>\n\t\t<\/section>\n\t\t\t\t<section class=\"elementor-section elementor-top-section elementor-element elementor-element-407c376 elementor-section-stretched elementor-section-full_width elementor-section-height-default elementor-section-height-default\" data-id=\"407c376\" data-element_type=\"section\" data-settings=\"{&quot;stretch_section&quot;:&quot;section-stretched&quot;,&quot;background_background&quot;:&quot;classic&quot;}\">\n\t\t\t\t\t\t<div class=\"elementor-container elementor-column-gap-default\">\n\t\t\t\t\t<div class=\"elementor-column elementor-col-100 elementor-top-column elementor-element elementor-element-2b8f942\" data-id=\"2b8f942\" data-element_type=\"column\">\n\t\t\t<div class=\"elementor-widget-wrap elementor-element-populated\">\n\t\t\t\t\t\t\t\t<section class=\"elementor-section elementor-inner-section elementor-element elementor-element-221f3b8 elementor-section-content-middle elementor-section-boxed elementor-section-height-default elementor-section-height-default\" data-id=\"221f3b8\" data-element_type=\"section\">\n\t\t\t\t\t\t<div class=\"elementor-container elementor-column-gap-default\">\n\t\t\t\t\t<div class=\"elementor-column elementor-col-100 elementor-inner-column elementor-element elementor-element-653b7fe\" data-id=\"653b7fe\" data-element_type=\"column\">\n\t\t\t<div class=\"elementor-widget-wrap elementor-element-populated\">\n\t\t\t\t\t\t\t\t<div class=\"elementor-element elementor-element-3c2cf62 elementor-widget elementor-widget-rs-image-hover\" data-id=\"3c2cf62\" data-element_type=\"widget\" data-widget_type=\"rs-image-hover.default\">\n\t\t\t\t<div class=\"elementor-widget-container\">\n\t\t\t\t\t<div class=\"elementor-image\">\n\t\t\t<div class=\"image titlt\" data-tilt data-tilt-max=\"3\">\n\t\t\t\n\t\t\t\t\t\t\t\t\t<img width=\"1600\" height=\"400\" src=\"https:\/\/fireresistantdoor.eu\/wp-content\/uploads\/2023\/04\/cropped-doors3.png\" class=\"attachment-full size-full wp-image-68\" alt=\"\" decoding=\"async\" loading=\"lazy\" srcset=\"https:\/\/fireresistantdoor.eu\/wp-content\/uploads\/2023\/04\/cropped-doors3.png 1600w, https:\/\/fireresistantdoor.eu\/wp-content\/uploads\/2023\/04\/cropped-doors3-600x150.png 600w, https:\/\/fireresistantdoor.eu\/wp-content\/uploads\/2023\/04\/cropped-doors3-300x75.png 300w, https:\/\/fireresistantdoor.eu\/wp-content\/uploads\/2023\/04\/cropped-doors3-1024x256.png 1024w, https:\/\/fireresistantdoor.eu\/wp-content\/uploads\/2023\/04\/cropped-doors3-768x192.png 768w, https:\/\/fireresistantdoor.eu\/wp-content\/uploads\/2023\/04\/cropped-doors3-1536x384.png 1536w\" sizes=\"(max-width: 1600px) 100vw, 1600px\" \/>\t\t\t\t\t\t\t\t\t\t\t\t\n\t\t\t<\/div>\n\t\t<\/div>\n\t\t\t\t<\/div>\n\t\t\t\t<\/div>\n\t\t\t\t<div class=\"elementor-element elementor-element-3b22165 elementor-widget__width-initial elementor-widget elementor-widget-rs-heading\" data-id=\"3b22165\" data-element_type=\"widget\" data-widget_type=\"rs-heading.default\">\n\t\t\t\t<div class=\"elementor-widget-container\">\n\t\t\t\n        <div class=\"prelements-heading default animate- left\">\n\n\n\n        \t<div class=\"title-inner\">        \t\t      \t\t\n\t            <h2 class=\"title\"><span class=\"watermark\"><\/span>Anforderungen an Konstruktion, Einbau und Betrieb von Brandschutzt\u00fcren<\/h2>\t\t\t\t\n\t\t\t\t\t        <\/div>\n\t                    \t<div class=\"description\">\n            \t\t            \t\t<p>Jeder, der ein Geb\u00e4ude baut oder betreibt, muss f\u00fcr einen angemessenen Brandschutz des Geb\u00e4udes sorgen.<br \/>Feuerschutzabschl\u00fcsse sorgen daf\u00fcr, dass sich Feuer und Rauch nicht durch die T\u00fcr\u00f6ffnungen in feuerbest\u00e4ndigen Trenn- und Brandw\u00e4nden ausbreiten k\u00f6nnen \u2013 denn die dort eingebauten T\u00fcren sind selbstschlie\u00dfend und halten Rauch und Feuer wirksam auf.<br \/>Feuer- und Rauchschutzt\u00fcren sind erforderlich in:<br \/>\u2022 lange Korridore,<br \/>\u2022 Treppenh\u00e4user,<br \/>\u2022 feuerbest\u00e4ndige Trennw\u00e4nde und Brandmauern,<br \/>\u2022 Notausg\u00e4nge,<br \/>\u2022 Fluchtwege zur Isolierung.<br \/>\u2022 Geb\u00e4ude mit hoher Besucherfrequenz.<br \/>\u2022 Privath\u00e4user zwischen dem Wohnbereich und der Garage.<br \/>Brandschutzt\u00fcren schlie\u00dfen automatisch und haben einen bestimmten Grad an Feuerbest\u00e4ndigkeit. Sie verhindern den Durchgang von Flammen, Rauch und hei\u00dfen Verbrennungsgasen f\u00fcr eine bestimmte Zeit. Die Zeitspanne wird im Namen der T\u00fcr angegeben: Es gibt T90- und T30-T\u00fcren, die einem Feuer 90 oder 30 Minuten lang standhalten k\u00f6nnen. Die T\u00fcren werden in \u201eFeuerwiderstandsklassen\u201c eingeteilt.<br \/>Eine Brandschutzt\u00fcr muss gem\u00e4\u00df den Vorschriften eingebaut werden. Eine Einbauanleitung wird vom Hersteller zusammen mit den T\u00fcrelementen geliefert.<br \/>Der Kunde sollte die notwendigen Informationen beim Kauf der T\u00fcr erhalten:<br \/>\u2022 DIN-Normen f\u00fcr geeignete Armaturen,<br \/>\u2022 m\u00f6glicherweise die Erw\u00e4hnung von alternativen Beschl\u00e4gen,<br \/>\u2022 die Nennung von bestimmten Herstellern, deren Produkte verwendet werden m\u00fcssen<br \/>Die Brandschutzt\u00fcr muss au\u00dferdem mit einem Zulassungsdokument\/Aufkleber (Schild?) versehen sein. Darauf muss angegeben sein:<br \/>\u2022 den Hersteller<br \/>\u2022 die Feuerwiderstandsklasse<br \/>\u2022 dass die T\u00fcr \u00fcberwacht wird<br \/>\u2022 das Jahr der Herstellung<br \/>\u2022 Feuerschutzt\u00fcren Vorschriften Treppenhaus<\/p>  \n            \t<\/div>\n        \t        <\/div>\n        \t\t<\/div>\n\t\t\t\t<\/div>\n\t\t\t\t\t<\/div>\n\t\t<\/div>\n\t\t\t\t\t\t\t<\/div>\n\t\t<\/section>\n\t\t\t\t\t<\/div>\n\t\t<\/div>\n\t\t\t\t\t\t\t<\/div>\n\t\t<\/section>\n\t\t\t\t<section class=\"elementor-section elementor-top-section elementor-element elementor-element-647ac9c elementor-section-stretched elementor-section-full_width elementor-section-height-default elementor-section-height-default\" data-id=\"647ac9c\" data-element_type=\"section\" data-settings=\"{&quot;stretch_section&quot;:&quot;section-stretched&quot;,&quot;background_background&quot;:&quot;classic&quot;}\">\n\t\t\t\t\t\t<div class=\"elementor-container elementor-column-gap-default\">\n\t\t\t\t\t<div class=\"elementor-column elementor-col-100 elementor-top-column elementor-element elementor-element-e79f7a0\" data-id=\"e79f7a0\" data-element_type=\"column\">\n\t\t\t<div class=\"elementor-widget-wrap elementor-element-populated\">\n\t\t\t\t\t\t\t\t<section class=\"elementor-section elementor-inner-section elementor-element elementor-element-8e78d2e elementor-section-content-middle elementor-section-boxed elementor-section-height-default elementor-section-height-default\" data-id=\"8e78d2e\" data-element_type=\"section\">\n\t\t\t\t\t\t<div class=\"elementor-container elementor-column-gap-default\">\n\t\t\t\t\t<div class=\"elementor-column elementor-col-100 elementor-inner-column elementor-element elementor-element-81d1f98\" data-id=\"81d1f98\" data-element_type=\"column\">\n\t\t\t<div class=\"elementor-widget-wrap elementor-element-populated\">\n\t\t\t\t\t\t\t\t<div class=\"elementor-element elementor-element-76147c1 elementor-widget elementor-widget-rs-image-hover\" data-id=\"76147c1\" data-element_type=\"widget\" data-widget_type=\"rs-image-hover.default\">\n\t\t\t\t<div class=\"elementor-widget-container\">\n\t\t\t\t\t<div class=\"elementor-image\">\n\t\t\t<div class=\"image titlt\" data-tilt data-tilt-max=\"3\">\n\t\t\t\n\t\t\t\t\t\t\t\t\t<img width=\"1600\" height=\"400\" src=\"https:\/\/fireresistantdoor.eu\/wp-content\/uploads\/2023\/04\/cropped-doors1.png\" class=\"attachment-full size-full wp-image-69\" alt=\"\" decoding=\"async\" loading=\"lazy\" srcset=\"https:\/\/fireresistantdoor.eu\/wp-content\/uploads\/2023\/04\/cropped-doors1.png 1600w, https:\/\/fireresistantdoor.eu\/wp-content\/uploads\/2023\/04\/cropped-doors1-600x150.png 600w, https:\/\/fireresistantdoor.eu\/wp-content\/uploads\/2023\/04\/cropped-doors1-300x75.png 300w, https:\/\/fireresistantdoor.eu\/wp-content\/uploads\/2023\/04\/cropped-doors1-1024x256.png 1024w, https:\/\/fireresistantdoor.eu\/wp-content\/uploads\/2023\/04\/cropped-doors1-768x192.png 768w, https:\/\/fireresistantdoor.eu\/wp-content\/uploads\/2023\/04\/cropped-doors1-1536x384.png 1536w\" sizes=\"(max-width: 1600px) 100vw, 1600px\" \/>\t\t\t\t\t\t\t\t\t\t\t\t\n\t\t\t<\/div>\n\t\t<\/div>\n\t\t\t\t<\/div>\n\t\t\t\t<\/div>\n\t\t\t\t<div class=\"elementor-element elementor-element-3370a34 elementor-widget__width-initial elementor-widget elementor-widget-rs-heading\" data-id=\"3370a34\" data-element_type=\"widget\" data-widget_type=\"rs-heading.default\">\n\t\t\t\t<div class=\"elementor-widget-container\">\n\t\t\t\n        <div class=\"prelements-heading default animate- left\">\n\n\n\n        \t<div class=\"title-inner\">        \t\t      \t\t\n\t            <h2 class=\"title\"><span class=\"watermark\"><\/span>Rauchschutzt\u00fcren f\u00fcr sichere Treppen und Korridore<\/h2>\t\t\t\t\n\t\t\t\t\t        <\/div>\n\t                    \t<div class=\"description\">\n            \t\t            \t\t<p><!-- \/wp:paragraph --><!-- wp:paragraph --><\/p>\n<p>Der Rauch ist oft um ein Vielfaches gr\u00f6\u00dfer als der Schaden, der durch die Flammen verursacht wird.<br \/>Die typischen Orte, an denen Rauchschutzt\u00fcren installiert werden m\u00fcssen:<br \/>\u2022 der Raum zwischen dem Treppenhaus und dem Ausgang, wenn ein Treppenhaus nicht direkt ins Freie f\u00fchrt.<br \/>\u2022 Treppensch\u00e4chte, die zu: Keller, unausgebaute Dachfl\u00e4chen, Werkst\u00e4tten, L\u00e4den, Lagerr\u00e4ume, R\u00e4ume, die gr\u00f6\u00dfer als 200 m\u00b2 sind, aber keine Wohnr\u00e4ume.<br \/>Brandschutzt\u00fcren k\u00f6nnen sowohl eine Feuerschutz- als auch eine Rauchschutzfunktion haben.<\/p>\n<p>\u00a0<\/p>  \n            \t<\/div>\n        \t        <\/div>\n        \t\t<\/div>\n\t\t\t\t<\/div>\n\t\t\t\t\t<\/div>\n\t\t<\/div>\n\t\t\t\t\t\t\t<\/div>\n\t\t<\/section>\n\t\t\t\t\t<\/div>\n\t\t<\/div>\n\t\t\t\t\t\t\t<\/div>\n\t\t<\/section>\n\t\t\t\t<section class=\"elementor-section elementor-top-section elementor-element elementor-element-7931c843 elementor-hidden-desktop elementor-hidden-tablet elementor-hidden-mobile elementor-section-boxed elementor-section-height-default elementor-section-height-default\" data-id=\"7931c843\" data-element_type=\"section\">\n\t\t\t\t\t\t<div class=\"elementor-container elementor-column-gap-default\">\n\t\t\t\t\t<div class=\"elementor-column elementor-col-100 elementor-top-column elementor-element elementor-element-67ae60ae\" data-id=\"67ae60ae\" data-element_type=\"column\">\n\t\t\t<div class=\"elementor-widget-wrap elementor-element-populated\">\n\t\t\t\t\t\t\t\t<div class=\"elementor-element elementor-element-23940dac elementor-widget elementor-widget-text-editor\" data-id=\"23940dac\" data-element_type=\"widget\" data-widget_type=\"text-editor.default\">\n\t\t\t\t<div class=\"elementor-widget-container\">\n\t\t\t<style>\/*! elementor - v3.14.0 - 26-06-2023 *\/\n.elementor-widget-text-editor.elementor-drop-cap-view-stacked .elementor-drop-cap{background-color:#69727d;color:#fff}.elementor-widget-text-editor.elementor-drop-cap-view-framed .elementor-drop-cap{color:#69727d;border:3px solid;background-color:transparent}.elementor-widget-text-editor:not(.elementor-drop-cap-view-default) .elementor-drop-cap{margin-top:8px}.elementor-widget-text-editor:not(.elementor-drop-cap-view-default) .elementor-drop-cap-letter{width:1em;height:1em}.elementor-widget-text-editor .elementor-drop-cap{float:left;text-align:center;line-height:1;font-size:50px}.elementor-widget-text-editor .elementor-drop-cap-letter{display:inline-block}<\/style>\t\t\t\t\n          \n\n          <p>\n            <strong>Anforderungen an Konstruktion, Einbau und Betrieb von Brandschutzt\u00fcren<\/strong>\n          <\/p>\n          \n\n          \n\n          <p>Jeder, der ein Geb\u00e4ude baut oder betreibt, muss f\u00fcr einen angemessenen Brandschutz des Geb\u00e4udes sorgen. Feuerschutzabschl\u00fcsse sorgen daf\u00fcr, dass sich Feuer und Rauch nicht durch die T\u00fcr\u00f6ffnungen in feuerbest\u00e4ndigen Trenn- und Brandw\u00e4nden ausbreiten k\u00f6nnen \u2013 denn die dort eingebauten T\u00fcren sind selbstschlie\u00dfend und halten Rauch und Feuer wirksam auf.<br>Feuer- und Rauchschutzt\u00fcren sind erforderlich in:<br>\u2022 lange Korridore,<br>\u2022 Treppenh\u00e4user,<br>\u2022 feuerbest\u00e4ndige Trennw\u00e4nde und Brandmauern,<br>\u2022 Notausg\u00e4nge,<br>\u2022 Fluchtwege zur Isolierung.<br>\u2022 Geb\u00e4ude mit hoher Besucherfrequenz.<br>\u2022 Privath\u00e4user zwischen dem Wohnbereich und der Garage.<br>Brandschutzt\u00fcren schlie\u00dfen automatisch und haben einen bestimmten Grad an Feuerbest\u00e4ndigkeit. Sie verhindern den Durchgang von Flammen, Rauch und hei\u00dfen Verbrennungsgasen f\u00fcr eine bestimmte Zeit. Die Zeitspanne wird im Namen der T\u00fcr angegeben: Es gibt T90- und T30-T\u00fcren, die einem Feuer 90 oder 30 Minuten lang standhalten k\u00f6nnen. Die T\u00fcren werden in \u201eFeuerwiderstandsklassen\u201c eingeteilt.   <br>Eine Brandschutzt\u00fcr muss gem\u00e4\u00df den Vorschriften eingebaut werden. Eine Einbauanleitung wird vom Hersteller zusammen mit den T\u00fcrelementen geliefert. <br>Der Kunde sollte die notwendigen Informationen beim Kauf der T\u00fcr erhalten:<br>\u2022 DIN-Normen f\u00fcr geeignete Armaturen,<br>\u2022 m\u00f6glicherweise die Erw\u00e4hnung von alternativen Beschl\u00e4gen,<br>\u2022 die Nennung von bestimmten Herstellern, deren Produkte verwendet werden m\u00fcssen<br>Die Brandschutzt\u00fcr muss au\u00dferdem mit einem Zulassungsdokument\/Aufkleber (Schild?) versehen sein. Darauf muss angegeben sein:<br>\u2022 den Hersteller<br>\u2022 die Feuerwiderstandsklasse<br>\u2022 dass die T\u00fcr \u00fcberwacht wird<br>\u2022 das Jahr der Herstellung<br>\u2022 Feuerschutzt\u00fcren Vorschriften Treppenhaus<\/p>\n          \n\n          \n\n          <p>\n            <strong>Rauchschutzt\u00fcren f\u00fcr sichere Treppen und Korridore<\/strong>\n          <\/p>\n          \n\n          \n\n          <p>Der Rauch ist oft um ein Vielfaches gr\u00f6\u00dfer als der Schaden, der durch die Flammen verursacht wird.<br>Die typischen Orte, an denen Rauchschutzt\u00fcren installiert werden m\u00fcssen:<\/p>\n          \n\n          \n\n          <ul>\n            \n\n            <li>\u2022 der Raum zwischen dem Treppenhaus und dem Ausgang, wenn ein Treppenhaus nicht direkt ins Freie f\u00fchrt.<\/li>\n            \n\n            \n\n            <li>\u2022 Treppensch\u00e4chte, die zu: Keller, unausgebaute Dachfl\u00e4chen, Werkst\u00e4tten, L\u00e4den, Lagerr\u00e4ume, R\u00e4ume, die gr\u00f6\u00dfer als 200 m\u00b2 sind, aber keine Wohnr\u00e4ume.<\/li>\n            \n\n          <\/ul>\n          \n\n          \n\n          <p>Brandschutzt\u00fcren k\u00f6nnen sowohl eine Feuerschutz- als auch eine Rauchschutzfunktion haben.<\/p>\n          \n\n        \t\t\t\t\t\t<\/div>\n\t\t\t\t<\/div>\n\t\t\t\t\t<\/div>\n\t\t<\/div>\n\t\t\t\t\t\t\t<\/div>\n\t\t<\/section>\n\t\t\t\t\t\t\t<\/div>\n\t\t","protected":false},"excerpt":{"rendered":"<p>Anforderungen an Brandschutzt\u00fcren HomeBlog Product Configurator Anforderungen an Konstruktion, Einbau und Betrieb von Brandschutzt\u00fcren Jeder, der ein Geb\u00e4ude baut oder betreibt, muss f\u00fcr einen angemessenen Brandschutz des Geb\u00e4udes sorgen.Feuerschutzabschl\u00fcsse sorgen daf\u00fcr, dass sich Feuer und Rauch nicht durch die T\u00fcr\u00f6ffnungen in feuerbest\u00e4ndigen Trenn- und Brandw\u00e4nden ausbreiten k\u00f6nnen \u2013 denn die dort eingebauten T\u00fcren sind selbstschlie\u00dfend&#8230;<\/p>\n","protected":false},"author":1,"featured_media":0,"parent":0,"menu_order":0,"comment_status":"closed","ping_status":"closed","template":"","meta":{"inline_featured_image":false,"_mi_skip_tracking":false,"_monsterinsights_sitenote_active":false,"_monsterinsights_sitenote_note":"","_monsterinsights_sitenote_category":0},"aioseo_notices":[],"_links":{"self":[{"href":"https:\/\/fireresistantdoor.eu\/de\/wp-json\/wp\/v2\/pages\/15083"}],"collection":[{"href":"https:\/\/fireresistantdoor.eu\/de\/wp-json\/wp\/v2\/pages"}],"about":[{"href":"https:\/\/fireresistantdoor.eu\/de\/wp-json\/wp\/v2\/types\/page"}],"author":[{"embeddable":true,"href":"https:\/\/fireresistantdoor.eu\/de\/wp-json\/wp\/v2\/users\/1"}],"replies":[{"embeddable":true,"href":"https:\/\/fireresistantdoor.eu\/de\/wp-json\/wp\/v2\/comments?post=15083"}],"version-history":[{"count":17,"href":"https:\/\/fireresistantdoor.eu\/de\/wp-json\/wp\/v2\/pages\/15083\/revisions"}],"predecessor-version":[{"id":15642,"href":"https:\/\/fireresistantdoor.eu\/de\/wp-json\/wp\/v2\/pages\/15083\/revisions\/15642"}],"wp:attachment":[{"href":"https:\/\/fireresistantdoor.eu\/de\/wp-json\/wp\/v2\/media?parent=15083"}],"curies":[{"name":"wp","href":"https:\/\/api.w.org\/{rel}","templated":true}]}}