{"id":15093,"date":"2023-03-20T10:39:25","date_gmt":"2023-03-20T10:39:25","guid":{"rendered":"https:\/\/fireresistantdoor.eu\/usefull-info\/"},"modified":"2023-07-04T10:57:53","modified_gmt":"2023-07-04T10:57:53","slug":"usefull-info","status":"publish","type":"page","link":"https:\/\/fireresistantdoor.eu\/de\/usefull-info\/","title":{"rendered":"N\u00fctzliche Info"},"content":{"rendered":"\t\t<div data-elementor-type=\"wp-page\" data-elementor-id=\"15093\" class=\"elementor elementor-15093 elementor-24\" data-elementor-post-type=\"page\">\n\t\t\t\t\t\t\t\t\t<section class=\"elementor-section elementor-top-section elementor-element elementor-element-f3115e1 elementor-section-stretched elementor-section-boxed elementor-section-height-default elementor-section-height-default\" data-id=\"f3115e1\" data-element_type=\"section\" data-settings=\"{&quot;stretch_section&quot;:&quot;section-stretched&quot;,&quot;background_background&quot;:&quot;classic&quot;}\">\n\t\t\t\t\t\t<div class=\"elementor-container elementor-column-gap-default\">\n\t\t\t\t\t<div class=\"elementor-column elementor-col-100 elementor-top-column elementor-element elementor-element-d514557\" data-id=\"d514557\" data-element_type=\"column\">\n\t\t\t<div class=\"elementor-widget-wrap elementor-element-populated\">\n\t\t\t\t\t\t\t\t<div class=\"elementor-element elementor-element-d58a3f3 elementor-widget-divider--view-line elementor-widget elementor-widget-divider\" data-id=\"d58a3f3\" data-element_type=\"widget\" data-widget_type=\"divider.default\">\n\t\t\t\t<div class=\"elementor-widget-container\">\n\t\t\t<style>\/*! elementor - v3.14.0 - 26-06-2023 *\/\n.elementor-widget-divider{--divider-border-style:none;--divider-border-width:1px;--divider-color:#0c0d0e;--divider-icon-size:20px;--divider-element-spacing:10px;--divider-pattern-height:24px;--divider-pattern-size:20px;--divider-pattern-url:none;--divider-pattern-repeat:repeat-x}.elementor-widget-divider .elementor-divider{display:flex}.elementor-widget-divider .elementor-divider__text{font-size:15px;line-height:1;max-width:95%}.elementor-widget-divider .elementor-divider__element{margin:0 var(--divider-element-spacing);flex-shrink:0}.elementor-widget-divider .elementor-icon{font-size:var(--divider-icon-size)}.elementor-widget-divider .elementor-divider-separator{display:flex;margin:0;direction:ltr}.elementor-widget-divider--view-line_icon .elementor-divider-separator,.elementor-widget-divider--view-line_text .elementor-divider-separator{align-items:center}.elementor-widget-divider--view-line_icon .elementor-divider-separator:after,.elementor-widget-divider--view-line_icon .elementor-divider-separator:before,.elementor-widget-divider--view-line_text .elementor-divider-separator:after,.elementor-widget-divider--view-line_text .elementor-divider-separator:before{display:block;content:\"\";border-bottom:0;flex-grow:1;border-top:var(--divider-border-width) var(--divider-border-style) var(--divider-color)}.elementor-widget-divider--element-align-left .elementor-divider .elementor-divider-separator>.elementor-divider__svg:first-of-type{flex-grow:0;flex-shrink:100}.elementor-widget-divider--element-align-left .elementor-divider-separator:before{content:none}.elementor-widget-divider--element-align-left .elementor-divider__element{margin-left:0}.elementor-widget-divider--element-align-right .elementor-divider .elementor-divider-separator>.elementor-divider__svg:last-of-type{flex-grow:0;flex-shrink:100}.elementor-widget-divider--element-align-right .elementor-divider-separator:after{content:none}.elementor-widget-divider--element-align-right .elementor-divider__element{margin-right:0}.elementor-widget-divider:not(.elementor-widget-divider--view-line_text):not(.elementor-widget-divider--view-line_icon) .elementor-divider-separator{border-top:var(--divider-border-width) var(--divider-border-style) var(--divider-color)}.elementor-widget-divider--separator-type-pattern{--divider-border-style:none}.elementor-widget-divider--separator-type-pattern.elementor-widget-divider--view-line .elementor-divider-separator,.elementor-widget-divider--separator-type-pattern:not(.elementor-widget-divider--view-line) .elementor-divider-separator:after,.elementor-widget-divider--separator-type-pattern:not(.elementor-widget-divider--view-line) .elementor-divider-separator:before,.elementor-widget-divider--separator-type-pattern:not([class*=elementor-widget-divider--view]) .elementor-divider-separator{width:100%;min-height:var(--divider-pattern-height);-webkit-mask-size:var(--divider-pattern-size) 100%;mask-size:var(--divider-pattern-size) 100%;-webkit-mask-repeat:var(--divider-pattern-repeat);mask-repeat:var(--divider-pattern-repeat);background-color:var(--divider-color);-webkit-mask-image:var(--divider-pattern-url);mask-image:var(--divider-pattern-url)}.elementor-widget-divider--no-spacing{--divider-pattern-size:auto}.elementor-widget-divider--bg-round{--divider-pattern-repeat:round}.rtl .elementor-widget-divider .elementor-divider__text{direction:rtl}.e-con-inner>.elementor-widget-divider,.e-con>.elementor-widget-divider{width:var(--container-widget-width,100%);--flex-grow:var(--container-widget-flex-grow)}<\/style>\t\t<div class=\"elementor-divider\">\n\t\t\t<span class=\"elementor-divider-separator\">\n\t\t\t\t\t\t<\/span>\n\t\t<\/div>\n\t\t\t\t<\/div>\n\t\t\t\t<\/div>\n\t\t\t\t<div class=\"elementor-element elementor-element-40e18c6 elementor-widget elementor-widget-heading\" data-id=\"40e18c6\" data-element_type=\"widget\" data-widget_type=\"heading.default\">\n\t\t\t\t<div class=\"elementor-widget-container\">\n\t\t\t<style>\/*! elementor - v3.14.0 - 26-06-2023 *\/\n.elementor-heading-title{padding:0;margin:0;line-height:1}.elementor-widget-heading .elementor-heading-title[class*=elementor-size-]>a{color:inherit;font-size:inherit;line-height:inherit}.elementor-widget-heading .elementor-heading-title.elementor-size-small{font-size:15px}.elementor-widget-heading .elementor-heading-title.elementor-size-medium{font-size:19px}.elementor-widget-heading .elementor-heading-title.elementor-size-large{font-size:29px}.elementor-widget-heading .elementor-heading-title.elementor-size-xl{font-size:39px}.elementor-widget-heading .elementor-heading-title.elementor-size-xxl{font-size:59px}<\/style><h1 class=\"elementor-heading-title elementor-size-default\">N\u00fctzliche Info<\/h1>\t\t<\/div>\n\t\t\t\t<\/div>\n\t\t\t\t<section class=\"elementor-section elementor-inner-section elementor-element elementor-element-c76a5ac elementor-section-boxed elementor-section-height-default elementor-section-height-default\" data-id=\"c76a5ac\" data-element_type=\"section\">\n\t\t\t\t\t\t<div class=\"elementor-container elementor-column-gap-default\">\n\t\t\t\t\t<div class=\"elementor-column elementor-col-100 elementor-inner-column elementor-element elementor-element-c0d6bb9\" data-id=\"c0d6bb9\" data-element_type=\"column\">\n\t\t\t<div class=\"elementor-widget-wrap elementor-element-populated\">\n\t\t\t\t\t\t\t\t<div class=\"elementor-element elementor-element-9298f61 elementor-widget elementor-widget-rs-breadcrumb\" data-id=\"9298f61\" data-element_type=\"widget\" data-widget_type=\"rs-breadcrumb.default\">\n\t\t\t\t<div class=\"elementor-widget-container\">\n\t\t\t                    <div class=\"breadcrumb-area style2\"> \n                <div class=\"breadcrumbs-inner\"> <!-- Breadcrumb NavXT 7.2.0 -->\n<span property=\"itemListElement\" typeof=\"ListItem\"><a property=\"item\" typeof=\"WebPage\" title=\"Go to Fire Resistant Door.\" href=\"https:\/\/fireresistantdoor.eu\/de\/\" class=\"home\" aria-current=\"page\"><span property=\"name\">Home<\/span><\/a><meta property=\"position\" content=\"1\"><\/span><\/div>\n            <\/div> \n          \n    \t\t<\/div>\n\t\t\t\t<\/div>\n\t\t\t\t\t<\/div>\n\t\t<\/div>\n\t\t\t\t\t\t\t<\/div>\n\t\t<\/section>\n\t\t\t\t<div class=\"elementor-element elementor-element-e9d0bba elementor-widget-divider--view-line elementor-widget elementor-widget-divider\" data-id=\"e9d0bba\" data-element_type=\"widget\" data-widget_type=\"divider.default\">\n\t\t\t\t<div class=\"elementor-widget-container\">\n\t\t\t\t\t<div class=\"elementor-divider\">\n\t\t\t<span class=\"elementor-divider-separator\">\n\t\t\t\t\t\t<\/span>\n\t\t<\/div>\n\t\t\t\t<\/div>\n\t\t\t\t<\/div>\n\t\t\t\t<div class=\"elementor-element elementor-element-854f733 elementor-align-center elementor-widget elementor-widget-button\" data-id=\"854f733\" data-element_type=\"widget\" data-widget_type=\"button.default\">\n\t\t\t\t<div class=\"elementor-widget-container\">\n\t\t\t\t\t<div class=\"elementor-button-wrapper\">\n\t\t\t<a class=\"elementor-button elementor-button-link elementor-size-sm\" href=\"https:\/\/kodema-configurator.netlify.app\/\">\n\t\t\t\t\t\t<span class=\"elementor-button-content-wrapper\">\n\t\t\t\t\t\t<span class=\"elementor-button-text\">Product Configurator<\/span>\n\t\t<\/span>\n\t\t\t\t\t<\/a>\n\t\t<\/div>\n\t\t\t\t<\/div>\n\t\t\t\t<\/div>\n\t\t\t\t\t<\/div>\n\t\t<\/div>\n\t\t\t\t\t\t\t<\/div>\n\t\t<\/section>\n\t\t\t\t<section class=\"elementor-section elementor-top-section elementor-element elementor-element-3bf06989 elementor-section-boxed elementor-section-height-default elementor-section-height-default\" data-id=\"3bf06989\" data-element_type=\"section\">\n\t\t\t\t\t\t<div class=\"elementor-container elementor-column-gap-default\">\n\t\t\t\t\t<div class=\"elementor-column elementor-col-100 elementor-top-column elementor-element elementor-element-c502ca0\" data-id=\"c502ca0\" data-element_type=\"column\">\n\t\t\t<div class=\"elementor-widget-wrap elementor-element-populated\">\n\t\t\t\t\t\t\t\t<div class=\"elementor-element elementor-element-33b4327e elementor-widget elementor-widget-text-editor\" data-id=\"33b4327e\" data-element_type=\"widget\" data-widget_type=\"text-editor.default\">\n\t\t\t\t<div class=\"elementor-widget-container\">\n\t\t\t<style>\/*! elementor - v3.14.0 - 26-06-2023 *\/\n.elementor-widget-text-editor.elementor-drop-cap-view-stacked .elementor-drop-cap{background-color:#69727d;color:#fff}.elementor-widget-text-editor.elementor-drop-cap-view-framed .elementor-drop-cap{color:#69727d;border:3px solid;background-color:transparent}.elementor-widget-text-editor:not(.elementor-drop-cap-view-default) .elementor-drop-cap{margin-top:8px}.elementor-widget-text-editor:not(.elementor-drop-cap-view-default) .elementor-drop-cap-letter{width:1em;height:1em}.elementor-widget-text-editor .elementor-drop-cap{float:left;text-align:center;line-height:1;font-size:50px}.elementor-widget-text-editor .elementor-drop-cap-letter{display:inline-block}<\/style>\t\t\t\t<div class=\"entry-content\"><p><strong>Einbau einer feuerfesten T\u00fcr<\/strong><br \/>Der Einbau von Brandschutzt\u00fcren gilt als Ma\u00dfnahme f\u00fcr den \u201eFeuerschutzabschluss\u201c (FSA).<br \/>Der Brandschutz soll die Ausbreitung eines Feuers verhindern und im Falle eines tats\u00e4chlichen Ausbruchs einschr\u00e4nken.<br \/>Jedes Brandschutzelement wird von einer Einbauanleitung begleitet.<br \/>T\u00fcr und Wand definieren die Art der Montage. Das T\u00fcrblatt ist an der Zarge befestigt. Der T\u00fcrrahmen ist mit der Wand verbunden. Zarge und Wand k\u00f6nnen auf unterschiedliche Weise zusammengef\u00fcgt werden. Das Material der Wand entscheidet letztlich dar\u00fcber, welche Montageart am besten geeignet ist.<br \/>Die Festigkeit zwischen Zarge und Wand h\u00e4ngt von der Anzahl und Platzierung der Ankerpunkte ab. Die Wahl der D\u00fcbel entscheidet \u00fcber die Zuverl\u00e4ssigkeit des Brandschutzes. Wenn D\u00fcbel, Schrauben und Zargen nicht fest genug sitzen und sich im Falle eines Brandes l\u00f6sen, k\u00f6nnen sich Rauch und Flammen ungehindert ausbreiten.<br \/>Der Kunde erh\u00e4lt nach dem Einbau der Brandschutzt\u00fcr eine ausgef\u00fcllte Konformit\u00e4tserkl\u00e4rung.<br \/>Diese garantiert, dass die Brandschutzt\u00fcr fachgerecht und ordnungsgem\u00e4\u00df eingebaut wurde.<\/p><p><strong>Brandschutzt\u00fcren Vorgeschriebene Kennzeichnung<\/strong><br \/>Der vorbeugende Feuerwiderstand einer Brandschutzt\u00fcr unterliegt der Kennzeichnungspflicht. In Deutschland wird die Entscheidung, wann und wo eine T\u00fcr f\u00fcr den Brandschutz eingebaut werden muss, von der Landesbauordnung nach einer vorgegebenen Norm getroffen. Je nach Typ m\u00fcssen die Funktionst\u00fcren:<br \/>\u2022 feuerbest\u00e4ndig<br \/>\u2022 Dicht schlie\u00dfen<br \/>\u2022 Selbstschlie\u00dfend sein<br \/>Die Kennzeichnungspflicht f\u00fcr Brandschutzt\u00fcren umfasst eine Reihe von Anforderungen.<br \/>Die Markierung enth\u00e4lt die folgenden Daten in der Struktur:<br \/>\u2022 T\u00fcr mit DIN- und T-Spezifikation (Feuerwiderstand) (T30, T60, T90, T120 und T180)<br \/>\u2022 Hersteller mit Identifikationsnummer und Name des Herstellers<br \/>\u2022 \u00dcberwachungszeichen \u201c\u00dc\u201d<br \/>\u2022 das Herstellungsjahr<br \/>Die Verordnung gilt f\u00fcr alle Materialien von Feuer- und Rauchschutzt\u00fcren.<\/p><p><strong>Feuerwiderstandsklassen<\/strong><br \/>Geb\u00e4udekomponenten werden in Abh\u00e4ngigkeit von der Feuerwiderstandsdauer in Feuerwiderstandsklassen eingeteilt. Die standardisierte Klassifizierung verdeutlicht:<br \/>\u2022 ist das Bauteil grunds\u00e4tzlich aus brennbaren Baustoffen hergestellt;<br \/>\u2022 wie schwer entflammbar ist das Baumaterial;<br \/>\u2022 wie viele Minuten kann das Bauteil einem Feuer standhalten.<br \/>Die Feuerwiderstandsklassen werden durch Brandtests nachgewiesen. Je nach Brandverhalten wird f\u00fcr das Bauteil ein Pr\u00fcfzeugnis auf der Grundlage von DIN 4102 ausgestellt.<br \/>Tabelle der Feuerwiderstandsklassen:<br \/>F60 \u2267 60 Minuten hoch feuerbest\u00e4ndig<br \/>F90 \u2267 90 Minuten feuerbest\u00e4ndig<br \/>F120 \u2267 120 Minuten hoch feuerbest\u00e4ndig<br \/>F180 \u2267 180 Minuten hoch feuerbest\u00e4ndig<br \/>Komponenten erhalten spezielle Kennbuchstaben. Das \u201eT\u201c steht f\u00fcr Feuerschutzabschl\u00fcsse (Klappen, Tore, T\u00fcren). Konkret bedeutet dies, dass eine T90-Feuert\u00fcr. Zus\u00e4tzlich zu dieser Zeitkomponente gibt es bei der Brandschutzpr\u00fcfung noch drei weitere Faktoren:<br \/>\u2022 Tragf\u00e4higkeit<br \/>\u2022 Raumabschluss<br \/>\u2022 W\u00e4rmed\u00e4mmung<br \/>Die Feuerbest\u00e4ndigkeit eines Bauteils gilt als gebrochen, wenn einer der drei Faktoren im Feuertest nicht mehr zutrifft.<\/p><p><strong>ANDERE N\u00dcTZLICHE INFORMATIONEN<\/strong><br \/>Jede Brandschutzt\u00fcr wird unter Aufsicht Dritter hergestellt und zertifiziert.<br \/>Feuerschutz- und Rauchschutzt\u00fcren m\u00fcssen der Norm EN 16034 entsprechen, dem europaweit anerkannten \u201eCE\u201c.<br \/>Die Anforderungen an Brandschutzt\u00fcren und deren Pr\u00fcfung wurden durch die europ\u00e4ischen Normen erheblich versch\u00e4rft (z. B. modifizierte Temperatursensoren und erh\u00f6hte Druckbedingungen in der Brandkammer). Das hat zur Folge, dass die Brandschutzt\u00fcr bei der Brandpr\u00fcfung viel st\u00e4rker beansprucht wird als bei der Pr\u00fcfung nach der alten Norm DIN 4102-5.<br \/>Die Klassifizierung von Brandschutzt\u00fcren nach der DIN EN 16034 wird im Folgenden erl\u00e4utert (zum Beispiel EI\u00b230-C5-S):<\/p><figure class=\"wp-block-table\"><table><tbody><tr><td>E<\/td><td>Raumabschluss<\/td><td>Verhinderung der Flammenausbreitung<\/td><\/tr><tr><td>I<\/td><td>W\u00e4rmed\u00e4mmung<\/td><td>Beschreibt die F\u00e4higkeit des Brandschutzelements, die Temperatur an der Oberfl\u00e4che der T\u00fcr auf der dem Feuer abgewandten Seite an bestimmten Messpunkten gegen\u00fcber der Grenzanfangstemperatur zu bestimmen.<\/td><\/tr><tr><td>1\/2<\/td><td>Index der W\u00e4rmed\u00e4mmung<\/td><td>2 = Messbereich der W\u00e4rmed\u00e4mmung in 100mm vom Rand der T\u00fcr, 1= Messbereich der W\u00e4rmed\u00e4mmung in 25mm vom Rand der T\u00fcr.<\/td><\/tr><tr><td>30\/60\/90\/120<\/td><td>Feuerbest\u00e4ndigkeit, Dauer<\/td><td>Zeit in Minuten, in der das Brandschutzelement den Flammendurchgang deaktiviert.<\/td><\/tr><tr><td>S<\/td><td>Rauchschutzfunktion<\/td><td>Verhindert den Durchtritt von Rauch bei einem Luftdruck von bis zu 50 Pa.<\/td><\/tr><tr><td>200<\/td><td>Rauchschutzfunktion<\/td><td>Die Zahl \u201e200\u201c beschreibt den Test sowohl bei Raumtemperatur als auch bei 200 \u00b0C in der Testkammer.<\/td><\/tr><tr><td>C<\/td><td>Selbstverriegelung<\/td><td>Selbstschlie\u00dfend ist die F\u00e4higkeit einer ge\u00f6ffneten T\u00fcr, sich automatisch durch gespeicherte Energie vollst\u00e4ndig zu schlie\u00dfen. Dies wird durch einen Obent\u00fcrschlie\u00dfer erreicht.<\/td><\/tr><tr><td>0\/1\/2\/3\/4\/5<\/td><td>Dauerhaftigkeit des Selbsteinschlusses<\/td><td>es muss sichergestellt sein, dass die Selbstschlie\u00dffunktion dauerhaft funktionsf\u00e4hig bleibt. Je nach der Anzahl der erreichten Zyklen wird sie in eine Nutzungskategorie eingestuft. Die Zahl 5 bedeutet f\u00fcr die Typenbezeichnung einer Brandschutzt\u00fcr die Erreichung von 200.000 Schlie\u00dfzyklen.<\/td><\/tr><\/tbody><\/table><\/figure><p>Zus\u00e4tzlich zu dem Etikett mit der CE-Kennzeichnung muss ein weiteres Etikett mit den folgenden Informationen angebracht werden:<br \/>Hersteller, Produkttyp und\/oder Bezeichnung, Serien- oder Referenznummer des Produkts, Feuerbest\u00e4ndigkeit und\/oder Rauchschutzklassifizierung und \/ oder Klassifizierung des Selbstverschlusses.<br \/>Eine Leistungserkl\u00e4rung muss ausgeh\u00e4ndigt werden.<br \/>Das Brandschutzelement wird vom Hersteller durch ein Etikett (an der Leistenkante des T\u00fcrblatts) gekennzeichnet und durch die Vorlage eines Zulassungsschreibens nachgewiesen. Der Hersteller bescheinigt die zulassungskonforme Ausf\u00fchrung des Elements durch Eigen\u00fcberwachung und Fremd\u00fcberwachung.<\/p><\/div>\t\t\t\t\t\t<\/div>\n\t\t\t\t<\/div>\n\t\t\t\t\t<\/div>\n\t\t<\/div>\n\t\t\t\t\t\t\t<\/div>\n\t\t<\/section>\n\t\t\t\t\t\t\t<\/div>\n\t\t","protected":false},"excerpt":{"rendered":"<p>N\u00fctzliche Info HomeBlog Product Configurator Einbau einer feuerfesten T\u00fcr Der Einbau von Brandschutzt\u00fcren gilt als Ma\u00dfnahme f\u00fcr den \u201eFeuerschutzabschluss\u201c (FSA). Der Brandschutz soll die Ausbreitung eines Feuers verhindern und im Falle eines tats\u00e4chlichen Ausbruchs einschr\u00e4nken. Jedes Brandschutzelement wird von einer Einbauanleitung begleitet. T\u00fcr und Wand definieren die Art der Montage. Das T\u00fcrblatt ist an der&#8230;<\/p>\n","protected":false},"author":1,"featured_media":0,"parent":0,"menu_order":0,"comment_status":"closed","ping_status":"closed","template":"","meta":{"inline_featured_image":false,"_mi_skip_tracking":false,"_monsterinsights_sitenote_active":false,"_monsterinsights_sitenote_note":"","_monsterinsights_sitenote_category":0},"aioseo_notices":[],"_links":{"self":[{"href":"https:\/\/fireresistantdoor.eu\/de\/wp-json\/wp\/v2\/pages\/15093"}],"collection":[{"href":"https:\/\/fireresistantdoor.eu\/de\/wp-json\/wp\/v2\/pages"}],"about":[{"href":"https:\/\/fireresistantdoor.eu\/de\/wp-json\/wp\/v2\/types\/page"}],"author":[{"embeddable":true,"href":"https:\/\/fireresistantdoor.eu\/de\/wp-json\/wp\/v2\/users\/1"}],"replies":[{"embeddable":true,"href":"https:\/\/fireresistantdoor.eu\/de\/wp-json\/wp\/v2\/comments?post=15093"}],"version-history":[{"count":13,"href":"https:\/\/fireresistantdoor.eu\/de\/wp-json\/wp\/v2\/pages\/15093\/revisions"}],"predecessor-version":[{"id":15626,"href":"https:\/\/fireresistantdoor.eu\/de\/wp-json\/wp\/v2\/pages\/15093\/revisions\/15626"}],"wp:attachment":[{"href":"https:\/\/fireresistantdoor.eu\/de\/wp-json\/wp\/v2\/media?parent=15093"}],"curies":[{"name":"wp","href":"https:\/\/api.w.org\/{rel}","templated":true}]}}