{"id":15565,"date":"2023-06-30T07:10:35","date_gmt":"2023-06-30T07:10:35","guid":{"rendered":"https:\/\/fireresistantdoor.eu\/about-kodema\/"},"modified":"2023-07-04T09:58:05","modified_gmt":"2023-07-04T09:58:05","slug":"about-kodema","status":"publish","type":"page","link":"https:\/\/fireresistantdoor.eu\/de\/about-kodema\/","title":{"rendered":"\u00fcber Kodema"},"content":{"rendered":"\t\t<div data-elementor-type=\"wp-page\" data-elementor-id=\"15565\" class=\"elementor elementor-15565 elementor-15562\" data-elementor-post-type=\"page\">\n\t\t\t\t\t\t\t\t\t<section class=\"elementor-section elementor-top-section elementor-element elementor-element-84edfba elementor-section-boxed elementor-section-height-default elementor-section-height-default\" data-id=\"84edfba\" data-element_type=\"section\">\n\t\t\t\t\t\t<div class=\"elementor-container elementor-column-gap-default\">\n\t\t\t\t\t<div class=\"elementor-column elementor-col-100 elementor-top-column elementor-element elementor-element-c738ea2\" data-id=\"c738ea2\" data-element_type=\"column\">\n\t\t\t<div class=\"elementor-widget-wrap elementor-element-populated\">\n\t\t\t\t\t\t\t\t<div class=\"elementor-element elementor-element-9019afd elementor-widget elementor-widget-text-editor\" data-id=\"9019afd\" data-element_type=\"widget\" data-widget_type=\"text-editor.default\">\n\t\t\t\t<div class=\"elementor-widget-container\">\n\t\t\t<style>\/*! elementor - v3.14.0 - 26-06-2023 *\/\n.elementor-widget-text-editor.elementor-drop-cap-view-stacked .elementor-drop-cap{background-color:#69727d;color:#fff}.elementor-widget-text-editor.elementor-drop-cap-view-framed .elementor-drop-cap{color:#69727d;border:3px solid;background-color:transparent}.elementor-widget-text-editor:not(.elementor-drop-cap-view-default) .elementor-drop-cap{margin-top:8px}.elementor-widget-text-editor:not(.elementor-drop-cap-view-default) .elementor-drop-cap-letter{width:1em;height:1em}.elementor-widget-text-editor .elementor-drop-cap{float:left;text-align:center;line-height:1;font-size:50px}.elementor-widget-text-editor .elementor-drop-cap-letter{display:inline-block}<\/style>\t\t\t\t<p><strong>UNSERE MISSION &#8211; Gl\u00fcckliche Mitarbeiter \u00f6ffnen Fenster zu einer nachhaltigen Welt<\/strong><br \/>Die Mission ist die Bedeutung dieser Organisation in der Gesellschaft, und in erster Linie wollen wir die Mitarbeiter gl\u00fccklich machen, denn:<\/p><p>Sie lernen hier, machen eine f\u00fcr sie interessante Arbeit, haben die Unterst\u00fctzung ihrer Kollegen und f\u00fchlen sich wohl, weil in der Organisation eine Arbeitskultur herrscht, die auf Offenheit, gegenseitiger Hilfe und Respekt beruht.<br \/>Das Unternehmen stellt qualitativ hochwertige und gefragte Produkte her, die einen Beitrag zum Umweltschutz leisten, indem sie energieeffizienter (weniger Heiz-\/K\u00fchlbedarf und damit verbundene Emissionen) und langlebiger sind &#8211; sie halten 10-20 Jahre, was den Verbrauch und den damit verbundenen Abfall reduziert.<br \/>Das Unternehmen investiert auch in innovative L\u00f6sungen (LEAN, IT, Fertigteilbau), die die Ressourcen in der Fensterproduktion, im Kundendienst und bei der Montage optimieren und so den Verbrauch von Energieressourcen und die CO2-Emissionen reduzieren.<\/p><p><strong>UNSERE VISION Ein starkes Bindeglied in der Fensterversorgung<\/strong><br \/>Effizienter Kundenservice durch: a) qualifizierte, einfallsreiche, wohlwollende und nat\u00fcrlich zufriedene Mitarbeiter; b) innovative IT-L\u00f6sungen, die eine qualitativ hochwertige und schnelle Auftragsabwicklung erm\u00f6glichen. Effizienter Kundenservice durch: a) qualifizierte, einfallsreiche, wohlwollende und nat\u00fcrlich zufriedene Mitarbeiter; b) innovative IT-L\u00f6sungen, die eine qualitativ hochwertige und schnelle Bearbeitung von Auftr\u00e4gen erm\u00f6glichen. Die Kommunikation mit den Kunden erfolgt prompt (wir antworten immer innerhalb von 24 Stunden); wir l\u00f6sen Probleme schnell und qualitativ hochwertig (wir reklamieren L\u00f6sungen innerhalb von 10 Tagen); wir vergessen nicht, unsere Kunden nicht nur mit tadelloser Arbeit, sondern auch mit fr\u00f6hlichen Geschenken und coolen Partys zu belohnen.<br \/>Wir liefern p\u00fcnktlich Qualit\u00e4tsprodukte. Richtiges erstes Mal &#8211; p\u00fcnktlich (RFT-OT)&gt;97 Prozent.<br \/>Wir bieten unseren Kunden L\u00f6sungen und \u00c4nderungen an, die (1) die Kosten senken, (2) die Fristen verk\u00fcrzen und (3) die Qualit\u00e4t verbessern. Unsere Kunden wissen das zu sch\u00e4tzen und wollen deshalb lange mit uns zusammenarbeiten. Wir sind immer besser als unsere Konkurrenten in mindestens zwei der drei Kategorien.<\/p><p><strong>UNSERE WERTE &#8211; Beharrlichkeit<\/strong><br \/>Wir verbessern uns gemeinsam &#8211; wir suchen nach neuen Erkenntnissen\/Methoden und wenden sie in unserer T\u00e4tigkeit an.<br \/>Handlungsfreiheit &#8211; die Mitarbeiter werden aktiv in Ver\u00e4nderungsdiskussionen einbezogen und k\u00f6nnen ihre Ideen umsetzen.<br \/>Wir sind mutig &#8211; wir suchen nicht nach dem einfachsten Weg.<\/p>\t\t\t\t\t\t<\/div>\n\t\t\t\t<\/div>\n\t\t\t\t\t<\/div>\n\t\t<\/div>\n\t\t\t\t\t\t\t<\/div>\n\t\t<\/section>\n\t\t\t\t\t\t\t<\/div>\n\t\t","protected":false},"excerpt":{"rendered":"<p>UNSERE MISSION &#8211; Gl\u00fcckliche Mitarbeiter \u00f6ffnen Fenster zu einer nachhaltigen WeltDie Mission ist die Bedeutung dieser Organisation in der Gesellschaft, und in erster Linie wollen wir die Mitarbeiter gl\u00fccklich machen, denn: Sie lernen hier, machen eine f\u00fcr sie interessante Arbeit, haben die Unterst\u00fctzung ihrer Kollegen und f\u00fchlen sich wohl, weil in der Organisation eine Arbeitskultur&#8230;<\/p>\n","protected":false},"author":2,"featured_media":0,"parent":0,"menu_order":0,"comment_status":"closed","ping_status":"closed","template":"","meta":{"inline_featured_image":false,"_mi_skip_tracking":false,"_monsterinsights_sitenote_active":false,"_monsterinsights_sitenote_note":"","_monsterinsights_sitenote_category":0},"aioseo_notices":[],"_links":{"self":[{"href":"https:\/\/fireresistantdoor.eu\/de\/wp-json\/wp\/v2\/pages\/15565"}],"collection":[{"href":"https:\/\/fireresistantdoor.eu\/de\/wp-json\/wp\/v2\/pages"}],"about":[{"href":"https:\/\/fireresistantdoor.eu\/de\/wp-json\/wp\/v2\/types\/page"}],"author":[{"embeddable":true,"href":"https:\/\/fireresistantdoor.eu\/de\/wp-json\/wp\/v2\/users\/2"}],"replies":[{"embeddable":true,"href":"https:\/\/fireresistantdoor.eu\/de\/wp-json\/wp\/v2\/comments?post=15565"}],"version-history":[{"count":5,"href":"https:\/\/fireresistantdoor.eu\/de\/wp-json\/wp\/v2\/pages\/15565\/revisions"}],"predecessor-version":[{"id":15617,"href":"https:\/\/fireresistantdoor.eu\/de\/wp-json\/wp\/v2\/pages\/15565\/revisions\/15617"}],"wp:attachment":[{"href":"https:\/\/fireresistantdoor.eu\/de\/wp-json\/wp\/v2\/media?parent=15565"}],"curies":[{"name":"wp","href":"https:\/\/api.w.org\/{rel}","templated":true}]}}