{"id":48,"date":"2023-01-19T11:35:02","date_gmt":"2023-01-19T11:35:02","guid":{"rendered":"https:\/\/fireresistantdoor.eu\/?page_id=48"},"modified":"2023-06-30T07:21:19","modified_gmt":"2023-06-30T07:21:19","slug":"datenschutz-bestimmungen","status":"publish","type":"page","link":"https:\/\/fireresistantdoor.eu\/de\/datenschutz-bestimmungen\/","title":{"rendered":"Datenschutz-Bestimmungen"},"content":{"rendered":"\r\n<p><strong>Allgemeine Bestimmungen<\/strong><\/p>\r\n\r\n\r\n\r\n<p>1.1. Diese Datenschutzbestimmungen (im Folgenden \u201eBedingungen\u201c genannt) regeln die Grundprinzipien und das Verfahren, auf deren Grundlage der Verk\u00e4ufer (im Folgenden \u201eKodema\u201c genannt) personenbezogene Daten von K\u00e4ufern (im Folgenden \u201eKunden\u201c genannt) verarbeitet Auftragsverwaltungsplattform (im Folgenden als E-Shop bezeichnet).<\/p>\r\n\r\n\r\n\r\n<p>1.2. Die Verarbeitung personenbezogener Daten von Kunden wird durch diese Bedingungen, das Gesetz zum rechtlichen Schutz personenbezogener Daten der Republik Litauen und andere Rechtsakte bestimmt, die die Erhebung solcher Daten regeln.<\/p>\r\n\r\n\r\n\r\n<p><strong>VERARBEITUNG PERSONENBEZOGENER DATEN<\/strong><\/p>\r\n\r\n\r\n\r\n<p>2.1. KODEMA verarbeitet die personenbezogenen Daten des Kunden zu folgenden Zwecken:<\/p>\r\n\r\n\r\n\r\n<p>2.1.1. Beim Abschluss und der Ausf\u00fchrung von Produktkaufvertr\u00e4gen mit dem Kunden;<\/p>\r\n\r\n\r\n\r\n<p>2.1.2. Zur Kundenidentifikation, um die Leistungserbringung und\/oder den Kaufvertrag ordnungsgem\u00e4\u00df zu erf\u00fcllen;<\/p>\r\n\r\n\r\n\r\n<p>2.1.4. F\u00fcr andere Zwecke, f\u00fcr die KODEMA das Recht hat, die personenbezogenen Daten des Kunden zu verarbeiten, wenn der Kunde seine Zustimmung erteilt oder wenn es aufgrund des berechtigten Interesses von KODEMA erforderlich ist, personenbezogene Daten zu verarbeiten oder wenn die Verpflichtung von KODEMA zu personenbezogenen Daten durch andere Rechtsakte vorgeschrieben ist.<\/p>\r\n\r\n\r\n\r\n<p>2.2. KODEMA orientiert sich an den folgenden Grundprinzipien der Datenverwaltung:<\/p>\r\n\r\n\r\n\r\n<p>2.2.1. Personenbezogene Daten werden f\u00fcr definierte und rechtm\u00e4\u00dfige Zwecke erhoben und nicht f\u00fcr Zwecke weiterverarbeitet, die mit den vor der Erhebung personenbezogener Daten festgelegten Zwecken unvereinbar sind;<\/p>\r\n\r\n\r\n\r\n<p>2.2.2. personenbezogene Daten werden korrekt, fair und rechtm\u00e4\u00dfig verarbeitet;<\/p>\r\n\r\n\r\n\r\n<p>2.2.3. personenbezogene Daten sind identisch, angemessen und nur in dem Umfang, der f\u00fcr ihre Erhebung und weitere Verarbeitung erforderlich ist;<\/p>\r\n\r\n\r\n\r\n<p>2.2.4. Die personenbezogenen Daten des Kunden werden f\u00fcr den von KODEMA festgelegten Zeitraum gespeichert, jedoch nicht l\u00e4nger als die in den Rechtsakten der Republik Litauen festgelegten Fristen, und nach Ablauf der Aufbewahrungsfrist f\u00fcr personenbezogene Daten werden sie vernichtet;<\/p>\r\n\r\n\r\n\r\n<p>2.2.5. Die personenbezogenen Daten des Kunden gelten als vertraulich und d\u00fcrfen nur auf der Grundlage des in dieser Richtlinie vorgesehenen Verfahrens und der Rechtsakte der Republik Litauen an Dritte weitergegeben werden.<\/p>\r\n\r\n\r\n\r\n<p>2.3. KODEMA verarbeitet die folgenden personenbezogenen Daten des Kunden f\u00fcr die in den Abschnitten 2.1.1 und 2.1.2 dieser Regeln genannten Zwecke:<\/p>\r\n\r\n\r\n\r\n<p>2.3.1. Basisinformationen, d. h. Name, Nachname, E-Mail-Adresse oder Telefonnummer;<\/p>\r\n\r\n\r\n\r\n<p>2.3.2. Daten in Bezug auf die Erbringung von Dienstleistungen und\/oder Waren, d.h. d.h. die Dienstleistung und\/oder das Produkt, ihre Bestelldetails, Zahlungsdetails (d.h. Produktpreis, Zahlungsmethode), Produktliefermethode, Adresse des Lieferorts, falls Lieferdienste verf\u00fcgbar sind), Kontaktdaten (E-Mail-Adresse und\/oder Telefonnummer);<\/p>\r\n\r\n\r\n\r\n<p>2.3.3. andere Daten im Zusammenhang mit der Erf\u00fcllung von Produktbestellungen und damit verbundenen zus\u00e4tzlichen Dienstleistungen.<\/p>\r\n\r\n\r\n\r\n<p>2.3.4. andere Daten \u00fcber die Nutzung der Dienste des Shops, d. h. Daten, die mithilfe von Cookies und \u00e4hnlichen Technologien im Zusammenhang mit dem Surfen im Internet gesammelt werden.<\/p>\r\n\r\n\r\n\r\n<p>2.4. Die pers\u00f6nlichen Daten des Kunden werden empfangen;<\/p>\r\n\r\n\r\n\r\n<p>2.4.1. direkt vom Kunden;<\/p>\r\n\r\n\r\n\r\n<p>2.4.2. von anderen juristischen Personen, die Kodema-Produkte verkaufen, oder anderen elektronischen Gesch\u00e4ften, die den Produktionsservice von Kodema bestellen;<\/p>\r\n\r\n\r\n\r\n<p>2.5. KODEMA kann personenbezogene Daten bereitstellen\/\u00fcbertragen;<\/p>\r\n\r\n\r\n\r\n<p>2.5.1. F\u00fcr staatliche Institutionen, Gerichte und Strafverfolgungsbeh\u00f6rden, wenn es f\u00fcr die ordnungsgem\u00e4\u00dfe Ausf\u00fchrung g\u00fcltiger Rechtshandlungen oder eines Gerichtsbeschlusses erforderlich ist.<\/p>\r\n\r\n\r\n\r\n<p>2.6. Der Kunde hat das Recht, jederzeit zu widersprechen oder Informationen an die von ihm angegebene E-Mail-Adresse zu verweigern. per Post Dem Kunden wird durch das Versenden jeder E-Mail-Nachricht eine eindeutige, kostenlose und einfach zu implementierende M\u00f6glichkeit gegeben, einer solchen Verwendung von Kontaktdaten f\u00fcr die oben genannten Zwecke zu widersprechen oder sie abzulehnen. per E-Mail: info@Kodema.lt.<\/p>\r\n\r\n\r\n\r\n<p>Der Kunde kann seine erteilte Zustimmung zur Datenverarbeitung jederzeit widerrufen, indem er eine Anfrage an die folgenden Kontakte sendet: per Telefon +370 647 36804 oder per E-Mail per Post info@kodema.lt. Nach Erhalt einer solchen Anfrage ergreift KODEMA unverz\u00fcglich geeignete Ma\u00dfnahmen und Ma\u00dfnahmen, um sicherzustellen, dass die personenbezogenen Daten des Dienstleistungsempf\u00e4ngers nicht f\u00fcr Direktmarketingzwecke verwendet werden.<\/p>\r\n\r\n\r\n\r\n<p>2.7. KODEMA ist berechtigt, Auftragsverarbeiter f\u00fcr Datenverarbeitungsvorg\u00e4nge einzusetzen (z. B. zum Zwecke der Lieferung von Waren). Datenverarbeiter f\u00fchren die Verarbeitung der ihnen durch einen schriftlichen Vertrag oder eine separate Anweisung zugewiesenen personenbezogenen Daten des Kunden durch, au\u00dfer in F\u00e4llen, in denen Gesetze und andere Rechtsakte etwas anderes vorsehen.<\/p>\r\n\r\n\r\n\r\n<p>2.8. Der Kunde verpflichtet sich, seine Zugangsdaten zum E-Store zu sch\u00fctzen und nicht an Dritte weiterzugeben. Alle Risiken im Zusammenhang mit der Weitergabe von Zugangsdaten an Dritte und daraus resultierende Sch\u00e4den tr\u00e4gt der Kunde. Der Kunde, der von der Weitergabe seiner Zugangsdaten erfahren hat, informiert KODEMA unverz\u00fcglich dar\u00fcber, was unter Ber\u00fccksichtigung der Mitteilung des Kunden den Zugang des Kunden sperrt. Die Reaktivierung der Registrierung des Kunden vereinbaren die Parteien gesondert.<br \/>2.9. Der Kunde, der eine Anfrage gem\u00e4\u00df 2.12. das vorgeschriebene Verfahren hat das Recht, Auskunft \u00fcber seine personenbezogenen Daten und die Zwecke, f\u00fcr die sie verarbeitet werden, zu erhalten sowie die Berichtigung unrichtiger Daten zu verlangen.<\/p>\r\n\r\n\r\n\r\n<p>2.10. Der Kunde hat das Recht zu verlangen, dass KODEMA die Verarbeitung der personenbezogenen Daten des Kunden beendet, au\u00dfer in F\u00e4llen, in denen eine solche Datenverarbeitung nach den geltenden Gesetzen zwingend erforderlich ist.<\/p>\r\n\r\n\r\n\r\n<p>2.11. Der Kunde hat das Recht, KODEMA um Informationen \u00fcber die Verarbeitung der personenbezogenen Daten des Kunden zu bitten, indem er eine Anfrage an die folgenden Kontakte sendet: per Telefon +370 647 36804 oder per E-Mail per Post info@kodema.lt. KODEMA verpflichtet sich, dem Kunden innerhalb von 2 Werktagen nach Erhalt der Anfrage des Kunden Informationen zur Verf\u00fcgung zu stellen. Gem\u00e4\u00df dem in diesem Punkt festgelegten Verfahren kann der Kunde die Rechte des Kunden geltend machen, wenn er der Meinung ist, dass KODEMA die Rechte des Kunden bei der Verarbeitung personenbezogener Daten verletzt hat, und indem er einen Antrag auf Korrektur einer solchen Verletzung stellt. Der Kunde hat auch das Recht, sich an die staatliche Datenschutzbeh\u00f6rde oder das zust\u00e4ndige litauische Gericht zu wenden, wenn er glaubt, dass die Rechte des Kunden verletzt wurden.<\/p>\r\n\r\n\r\n\r\n<p>2.12. KODEMA ergreift geeignete organisatorische und technische Ma\u00dfnahmen, um die personenbezogenen Daten des Kunden vor versehentlicher oder rechtswidriger Zerst\u00f6rung, \u00c4nderung, Offenlegung sowie vor jeder anderen rechtswidrigen Verarbeitung zu sch\u00fctzen.<\/p>\r\n\r\n\r\n\r\n<p>2.13. Um das Kundenerlebnis zu verbessern, verwendet KODEMA beim Besuch der KODEMA-Website oder des E-Stores Cookies \u2013 kleine Textinformationen, die beim Surfen auf der Website automatisch erstellt und auf dem Computer oder einem anderen Endger\u00e4t des Kunden gespeichert werden. Die von Cookies gesammelten Informationen erm\u00f6glichen es KODEMA, dem Kunden ein komfortableres Surfen zu erm\u00f6glichen, dem Kunden attraktive Angebote zu unterbreiten und mehr \u00fcber das Verhalten der Benutzer der KODEMA-Website zu erfahren, Trends zu analysieren und sowohl die Website als auch den Kundenservice zu verbessern sowie die Dienstleistungen von KODEMA. Der Kunde hat das Recht zu entscheiden, ob er Cookies akzeptiert. Wenn der Kunde nicht damit einverstanden ist, dass Cookies auf seinem Computer oder einem anderen Endger\u00e4t gespeichert werden, kann der Kunde die Einstellungen seines Internetbrowsers \u00e4ndern und alle Cookies deaktivieren oder einzeln aktivieren\/deaktivieren. Wenn der Kunde Cookies deaktiviert, kann dies in einigen F\u00e4llen die Geschwindigkeit des Surfens im Internet verlangsamen, die Funktion bestimmter Funktionen des KODEMA Store einschr\u00e4nken oder den Zugriff auf die Website blockieren.<\/p>\r\n","protected":false},"excerpt":{"rendered":"<p>Allgemeine Bestimmungen 1.1. Diese Datenschutzbestimmungen (im Folgenden \u201eBedingungen\u201c genannt) regeln die Grundprinzipien und das Verfahren, auf deren Grundlage der Verk\u00e4ufer (im Folgenden \u201eKodema\u201c genannt) personenbezogene Daten von K\u00e4ufern (im Folgenden \u201eKunden\u201c genannt) verarbeitet Auftragsverwaltungsplattform (im Folgenden als E-Shop bezeichnet). 1.2. Die Verarbeitung personenbezogener Daten von Kunden wird durch diese Bedingungen, das Gesetz zum rechtlichen Schutz&#8230;<\/p>\n","protected":false},"author":1,"featured_media":0,"parent":0,"menu_order":0,"comment_status":"closed","ping_status":"open","template":"","meta":{"inline_featured_image":false,"_mi_skip_tracking":false,"_monsterinsights_sitenote_active":false,"_monsterinsights_sitenote_note":"","_monsterinsights_sitenote_category":0},"aioseo_notices":[],"_links":{"self":[{"href":"https:\/\/fireresistantdoor.eu\/de\/wp-json\/wp\/v2\/pages\/48"}],"collection":[{"href":"https:\/\/fireresistantdoor.eu\/de\/wp-json\/wp\/v2\/pages"}],"about":[{"href":"https:\/\/fireresistantdoor.eu\/de\/wp-json\/wp\/v2\/types\/page"}],"author":[{"embeddable":true,"href":"https:\/\/fireresistantdoor.eu\/de\/wp-json\/wp\/v2\/users\/1"}],"replies":[{"embeddable":true,"href":"https:\/\/fireresistantdoor.eu\/de\/wp-json\/wp\/v2\/comments?post=48"}],"version-history":[{"count":3,"href":"https:\/\/fireresistantdoor.eu\/de\/wp-json\/wp\/v2\/pages\/48\/revisions"}],"predecessor-version":[{"id":15581,"href":"https:\/\/fireresistantdoor.eu\/de\/wp-json\/wp\/v2\/pages\/48\/revisions\/15581"}],"wp:attachment":[{"href":"https:\/\/fireresistantdoor.eu\/de\/wp-json\/wp\/v2\/media?parent=48"}],"curies":[{"name":"wp","href":"https:\/\/api.w.org\/{rel}","templated":true}]}}